{"id":9692,"date":"2025-01-08T14:03:27","date_gmt":"2025-01-08T13:03:27","guid":{"rendered":"https:\/\/munialvear.gov.ar\/?page_id=9692"},"modified":"2025-01-08T16:44:48","modified_gmt":"2025-01-08T15:44:48","slug":"tasa-vial","status":"publish","type":"page","link":"\/?page_id=9692","title":{"rendered":"Tasa Vial"},"content":{"rendered":"\t\t<div data-elementor-type=\"wp-page\" data-elementor-id=\"9692\" class=\"elementor elementor-9692\">\n\t\t\t\t<div class=\"elementor-element elementor-element-ef709a3 e-flex e-con-boxed e-con e-parent\" data-id=\"ef709a3\" data-element_type=\"container\">\n\t\t\t\t\t<div class=\"e-con-inner\">\n\t\t\t\t<div class=\"elementor-element elementor-element-b248182 elementor-widget elementor-widget-heading\" data-id=\"b248182\" data-element_type=\"widget\" data-widget_type=\"heading.default\">\n\t\t\t\t<div class=\"elementor-widget-container\">\n\t\t\t\t\t<h3 class=\"elementor-heading-title elementor-size-default\">Tasa Vial<\/h3>\t\t\t\t<\/div>\n\t\t\t\t<\/div>\n\t\t\t\t\t<\/div>\n\t\t\t\t<\/div>\n\t\t<div class=\"elementor-element elementor-element-35bd3b9 e-flex e-con-boxed e-con e-parent\" data-id=\"35bd3b9\" data-element_type=\"container\">\n\t\t\t\t\t<div class=\"e-con-inner\">\n\t\t\t\t<div class=\"elementor-element elementor-element-a7478bb elementor-widget elementor-widget-heading\" data-id=\"a7478bb\" data-element_type=\"widget\" data-widget_type=\"heading.default\">\n\t\t\t\t<div class=\"elementor-widget-container\">\n\t\t\t\t\t<h6 class=\"elementor-heading-title elementor-size-default\">OF. RECAUDACIONES<\/h6>\t\t\t\t<\/div>\n\t\t\t\t<\/div>\n\t\t\t\t\t<\/div>\n\t\t\t\t<\/div>\n\t\t<div class=\"elementor-element elementor-element-318f76b e-flex e-con-boxed e-con e-parent\" data-id=\"318f76b\" data-element_type=\"container\">\n\t\t\t\t\t<div class=\"e-con-inner\">\n\t\t<div class=\"elementor-element elementor-element-be9e707 e-con-full e-flex e-con e-child\" data-id=\"be9e707\" data-element_type=\"container\">\n\t\t\t\t<div class=\"elementor-element elementor-element-9c8ed3c elementor-widget elementor-widget-image\" data-id=\"9c8ed3c\" data-element_type=\"widget\" data-widget_type=\"image.default\">\n\t\t\t\t<div class=\"elementor-widget-container\">\n\t\t\t\t\t\t\t\t\t\t\t\t\t\t\t<img fetchpriority=\"high\" decoding=\"async\" width=\"750\" height=\"422\" src=\"\/wp-content\/uploads\/2025\/01\/11-1024x576.png\" class=\"attachment-large size-large wp-image-9747\" alt=\"\" srcset=\"\/wp-content\/uploads\/2025\/01\/11-1024x576.png 1024w, \/wp-content\/uploads\/2025\/01\/11-300x169.png 300w, \/wp-content\/uploads\/2025\/01\/11-768x432.png 768w, \/wp-content\/uploads\/2025\/01\/11-1536x864.png 1536w, \/wp-content\/uploads\/2025\/01\/11-2048x1152.png 2048w\" sizes=\"(max-width: 750px) 100vw, 750px\" \/>\t\t\t\t\t\t\t\t\t\t\t\t\t\t\t<\/div>\n\t\t\t\t<\/div>\n\t\t\t\t<\/div>\n\t\t<div class=\"elementor-element elementor-element-eafabec e-con-full e-flex e-con e-child\" data-id=\"eafabec\" data-element_type=\"container\">\n\t\t\t\t<div class=\"elementor-element elementor-element-d5f896c elementor-widget elementor-widget-text-editor\" data-id=\"d5f896c\" data-element_type=\"widget\" data-widget_type=\"text-editor.default\">\n\t\t\t\t<div class=\"elementor-widget-container\">\n\t\t\t\t\t\t\t\t\t<p style=\"text-align: left;\"><\/p><p style=\"text-align: left;\"><span style=\"color: #999999; font-size: 18px;\"><span>Por la prestaci\u00f3n de los servicios de conservaci\u00f3n, reparaci\u00f3n y mejorado de calles y caminos rurales municipales, deber\u00e1 abonarse los importes que a tal efecto se establezca en la Ordenanza Impositiva Anual y de acuerdo a la siguiente escala:<\/span><br \/><span>\u2013 De 0 a 200 Hect\u00e1reas<\/span><br \/><span>\u2013 M\u00e1s de 200 a 500 Hect\u00e1reas<\/span><br \/><span>\u2013 M\u00e1s de 500 a 1000 Hect\u00e1reas<\/span><br \/><span>\u2013 M\u00e1s de 1000 Hect\u00e1reas<\/span><\/span><\/p>\t\t\t\t\t\t\t\t<\/div>\n\t\t\t\t<\/div>\n\t\t\t\t<\/div>\n\t\t\t\t\t<\/div>\n\t\t\t\t<\/div>\n\t\t<div class=\"elementor-element elementor-element-a09c670 e-flex e-con-boxed e-con e-parent\" data-id=\"a09c670\" data-element_type=\"container\">\n\t\t\t\t\t<div class=\"e-con-inner\">\n\t\t<div class=\"elementor-element elementor-element-eb9af81 e-flex e-con-boxed e-con e-child\" data-id=\"eb9af81\" data-element_type=\"container\">\n\t\t\t\t\t<div class=\"e-con-inner\">\n\t\t\t\t<div class=\"elementor-element elementor-element-f751eab elementor-widget elementor-widget-heading\" data-id=\"f751eab\" data-element_type=\"widget\" data-widget_type=\"heading.default\">\n\t\t\t\t<div class=\"elementor-widget-container\">\n\t\t\t\t\t<h6 class=\"elementor-heading-title elementor-size-default\">Ante cualquier inquietud no dudes en ponerte en contacto con nosotros<\/h6>\t\t\t\t<\/div>\n\t\t\t\t<\/div>\n\t\t\t\t\t<\/div>\n\t\t\t\t<\/div>\n\t\t<div class=\"elementor-element elementor-element-258dfb6 e-flex e-con-boxed e-con e-child\" data-id=\"258dfb6\" data-element_type=\"container\">\n\t\t\t\t\t<div class=\"e-con-inner\">\n\t\t\t\t<div class=\"elementor-element elementor-element-c5853aa elementor-icon-list--layout-inline elementor-align-center elementor-list-item-link-full_width elementor-invisible elementor-widget elementor-widget-icon-list\" data-id=\"c5853aa\" data-element_type=\"widget\" data-settings=\"{&quot;_animation&quot;:&quot;fadeInRight&quot;}\" data-widget_type=\"icon-list.default\">\n\t\t\t\t<div class=\"elementor-widget-container\">\n\t\t\t\t\t\t\t<ul class=\"elementor-icon-list-items elementor-inline-items\">\n\t\t\t\t\t\t\t<li class=\"elementor-icon-list-item elementor-inline-item\">\n\t\t\t\t\t\t\t\t\t\t\t<a href=\"mailto:recaudaciones@munialvear.gov.ar\">\n\n\t\t\t\t\t\t\t\t\t\t\t\t<span class=\"elementor-icon-list-icon\">\n\t\t\t\t\t\t\t<i aria-hidden=\"true\" class=\"fas fa-envelope-open-text\"><\/i>\t\t\t\t\t\t<\/span>\n\t\t\t\t\t\t\t\t\t\t<span class=\"elementor-icon-list-text\"><\/span>\n\t\t\t\t\t\t\t\t\t\t\t<\/a>\n\t\t\t\t\t\t\t\t\t<\/li>\n\t\t\t\t\t\t\t\t<li class=\"elementor-icon-list-item elementor-inline-item\">\n\t\t\t\t\t\t\t\t\t\t\t<a href=\"https:\/\/wa.me\/+542345501914\">\n\n\t\t\t\t\t\t\t\t\t\t\t\t<span class=\"elementor-icon-list-icon\">\n\t\t\t\t\t\t\t<i aria-hidden=\"true\" class=\"fab fa-whatsapp\"><\/i>\t\t\t\t\t\t<\/span>\n\t\t\t\t\t\t\t\t\t\t<span class=\"elementor-icon-list-text\"><\/span>\n\t\t\t\t\t\t\t\t\t\t\t<\/a>\n\t\t\t\t\t\t\t\t\t<\/li>\n\t\t\t\t\t\t\t\t<li class=\"elementor-icon-list-item elementor-inline-item\">\n\t\t\t\t\t\t\t\t\t\t\t<a href=\"tel:2344481612\">\n\n\t\t\t\t\t\t\t\t\t\t\t\t<span class=\"elementor-icon-list-icon\">\n\t\t\t\t\t\t\t<i aria-hidden=\"true\" class=\"fas fa-phone-alt\"><\/i>\t\t\t\t\t\t<\/span>\n\t\t\t\t\t\t\t\t\t\t<span class=\"elementor-icon-list-text\"><\/span>\n\t\t\t\t\t\t\t\t\t\t\t<\/a>\n\t\t\t\t\t\t\t\t\t<\/li>\n\t\t\t\t\t\t\t\t<li class=\"elementor-icon-list-item elementor-inline-item\">\n\t\t\t\t\t\t\t\t\t\t\t<a href=\"https:\/\/maps.app.goo.gl\/9gAZUhkWpTsLpjU9A\">\n\n\t\t\t\t\t\t\t\t\t\t\t\t<span class=\"elementor-icon-list-icon\">\n\t\t\t\t\t\t\t<i aria-hidden=\"true\" class=\"fas fa-map-marked-alt\"><\/i>\t\t\t\t\t\t<\/span>\n\t\t\t\t\t\t\t\t\t\t<span class=\"elementor-icon-list-text\"><\/span>\n\t\t\t\t\t\t\t\t\t\t\t<\/a>\n\t\t\t\t\t\t\t\t\t<\/li>\n\t\t\t\t\t\t<\/ul>\n\t\t\t\t\t\t<\/div>\n\t\t\t\t<\/div>\n\t\t\t\t\t<\/div>\n\t\t\t\t<\/div>\n\t\t\t\t\t<\/div>\n\t\t\t\t<\/div>\n\t\t\t\t<\/div>\n\t\t","protected":false},"excerpt":{"rendered":"<p>Tasa Vial OF. RECAUDACIONES Por la prestaci\u00f3n de los servicios de conservaci\u00f3n, reparaci\u00f3n y mejorado de calles y caminos rurales municipales, deber\u00e1 abonarse los importes que a tal efecto se establezca en la Ordenanza Impositiva Anual y de acuerdo a la siguiente escala:\u2013 De 0 a 200 Hect\u00e1reas\u2013 M\u00e1s de [&hellip;]<\/p>\n","protected":false},"author":1,"featured_media":0,"parent":0,"menu_order":0,"comment_status":"closed","ping_status":"closed","template":"page-templates\/template-pagebuilder-full-width.php","meta":{"footnotes":""},"class_list":["post-9692","page","type-page","status-publish","hentry"],"yoast_head":"<!-- This site is optimized with the Yoast SEO plugin v25.7 - https:\/\/yoast.com\/wordpress\/plugins\/seo\/ -->\n<title>Tasa Vial - Municipalidad de General Alvear<\/title>\n<meta name=\"robots\" content=\"index, follow, max-snippet:-1, max-image-preview:large, max-video-preview:-1\" \/>\n<link rel=\"canonical\" href=\"\/?page_id=9692\" \/>\n<meta property=\"og:locale\" content=\"es_ES\" \/>\n<meta property=\"og:type\" content=\"article\" \/>\n<meta property=\"og:title\" content=\"Tasa Vial - Municipalidad de General Alvear\" \/>\n<meta property=\"og:description\" content=\"Tasa Vial OF. RECAUDACIONES Por la prestaci\u00f3n de los servicios de conservaci\u00f3n, reparaci\u00f3n y mejorado de calles y caminos rurales municipales, deber\u00e1 abonarse los importes que a tal efecto se establezca en la Ordenanza Impositiva Anual y de acuerdo a la siguiente escala:\u2013 De 0 a 200 Hect\u00e1reas\u2013 M\u00e1s de [&hellip;]\" \/>\n<meta property=\"og:url\" content=\"\/?page_id=9692\" \/>\n<meta property=\"og:site_name\" content=\"Municipalidad de General Alvear\" \/>\n<meta property=\"article:modified_time\" content=\"2025-01-08T15:44:48+00:00\" \/>\n<meta property=\"og:image\" content=\"https:\/\/munialvear.gov.ar\/wp-content\/uploads\/2025\/01\/11-1024x576.png\" \/>\n<meta name=\"twitter:card\" content=\"summary_large_image\" \/>\n<meta name=\"twitter:label1\" content=\"Tiempo de lectura\" \/>\n\t<meta name=\"twitter:data1\" content=\"1 minuto\" \/>\n<script type=\"application\/ld+json\" class=\"yoast-schema-graph\">{\"@context\":\"https:\/\/schema.org\",\"@graph\":[{\"@type\":\"WebPage\",\"@id\":\"\/?page_id=9692\",\"url\":\"\/?page_id=9692\",\"name\":\"Tasa Vial - Municipalidad de General Alvear\",\"isPartOf\":{\"@id\":\"\/#website\"},\"primaryImageOfPage\":{\"@id\":\"\/?page_id=9692#primaryimage\"},\"image\":{\"@id\":\"\/?page_id=9692#primaryimage\"},\"thumbnailUrl\":\"https:\/\/munialvear.gov.ar\/wp-content\/uploads\/2025\/01\/11-1024x576.png\",\"datePublished\":\"2025-01-08T13:03:27+00:00\",\"dateModified\":\"2025-01-08T15:44:48+00:00\",\"breadcrumb\":{\"@id\":\"\/?page_id=9692#breadcrumb\"},\"inLanguage\":\"es\",\"potentialAction\":[{\"@type\":\"ReadAction\",\"target\":[\"\/?page_id=9692\"]}]},{\"@type\":\"ImageObject\",\"inLanguage\":\"es\",\"@id\":\"\/?page_id=9692#primaryimage\",\"url\":\"https:\/\/munialvear.gov.ar\/wp-content\/uploads\/2025\/01\/11-1024x576.png\",\"contentUrl\":\"https:\/\/munialvear.gov.ar\/wp-content\/uploads\/2025\/01\/11-1024x576.png\"},{\"@type\":\"BreadcrumbList\",\"@id\":\"\/?page_id=9692#breadcrumb\",\"itemListElement\":[{\"@type\":\"ListItem\",\"position\":1,\"name\":\"Portada\",\"item\":\"\/\"},{\"@type\":\"ListItem\",\"position\":2,\"name\":\"Tasa Vial\"}]},{\"@type\":\"WebSite\",\"@id\":\"\/#website\",\"url\":\"\/\",\"name\":\"Municipalidad de General Alvear\",\"description\":\"\",\"publisher\":{\"@id\":\"\/#organization\"},\"potentialAction\":[{\"@type\":\"SearchAction\",\"target\":{\"@type\":\"EntryPoint\",\"urlTemplate\":\"\/?s={search_term_string}\"},\"query-input\":{\"@type\":\"PropertyValueSpecification\",\"valueRequired\":true,\"valueName\":\"search_term_string\"}}],\"inLanguage\":\"es\"},{\"@type\":\"Organization\",\"@id\":\"\/#organization\",\"name\":\"Municipalidad de General Alvear\",\"url\":\"\/\",\"logo\":{\"@type\":\"ImageObject\",\"inLanguage\":\"es\",\"@id\":\"\/#\/schema\/logo\/image\/\",\"url\":\"\/wp-content\/uploads\/2023\/09\/cropped-logo-muni.png\",\"contentUrl\":\"\/wp-content\/uploads\/2023\/09\/cropped-logo-muni.png\",\"width\":776,\"height\":725,\"caption\":\"Municipalidad de General Alvear\"},\"image\":{\"@id\":\"\/#\/schema\/logo\/image\/\"}}]}<\/script>\n<!-- \/ Yoast SEO plugin. -->","yoast_head_json":{"title":"Tasa Vial - Municipalidad de General Alvear","robots":{"index":"index","follow":"follow","max-snippet":"max-snippet:-1","max-image-preview":"max-image-preview:large","max-video-preview":"max-video-preview:-1"},"canonical":"\/?page_id=9692","og_locale":"es_ES","og_type":"article","og_title":"Tasa Vial - Municipalidad de General Alvear","og_description":"Tasa Vial OF. RECAUDACIONES Por la prestaci\u00f3n de los servicios de conservaci\u00f3n, reparaci\u00f3n y mejorado de calles y caminos rurales municipales, deber\u00e1 abonarse los importes que a tal efecto se establezca en la Ordenanza Impositiva Anual y de acuerdo a la siguiente escala:\u2013 De 0 a 200 Hect\u00e1reas\u2013 M\u00e1s de [&hellip;]","og_url":"\/?page_id=9692","og_site_name":"Municipalidad de General Alvear","article_modified_time":"2025-01-08T15:44:48+00:00","og_image":[{"url":"https:\/\/munialvear.gov.ar\/wp-content\/uploads\/2025\/01\/11-1024x576.png","type":"","width":"","height":""}],"twitter_card":"summary_large_image","twitter_misc":{"Tiempo de lectura":"1 minuto"},"schema":{"@context":"https:\/\/schema.org","@graph":[{"@type":"WebPage","@id":"\/?page_id=9692","url":"\/?page_id=9692","name":"Tasa Vial - Municipalidad de General Alvear","isPartOf":{"@id":"\/#website"},"primaryImageOfPage":{"@id":"\/?page_id=9692#primaryimage"},"image":{"@id":"\/?page_id=9692#primaryimage"},"thumbnailUrl":"https:\/\/munialvear.gov.ar\/wp-content\/uploads\/2025\/01\/11-1024x576.png","datePublished":"2025-01-08T13:03:27+00:00","dateModified":"2025-01-08T15:44:48+00:00","breadcrumb":{"@id":"\/?page_id=9692#breadcrumb"},"inLanguage":"es","potentialAction":[{"@type":"ReadAction","target":["\/?page_id=9692"]}]},{"@type":"ImageObject","inLanguage":"es","@id":"\/?page_id=9692#primaryimage","url":"https:\/\/munialvear.gov.ar\/wp-content\/uploads\/2025\/01\/11-1024x576.png","contentUrl":"https:\/\/munialvear.gov.ar\/wp-content\/uploads\/2025\/01\/11-1024x576.png"},{"@type":"BreadcrumbList","@id":"\/?page_id=9692#breadcrumb","itemListElement":[{"@type":"ListItem","position":1,"name":"Portada","item":"\/"},{"@type":"ListItem","position":2,"name":"Tasa Vial"}]},{"@type":"WebSite","@id":"\/#website","url":"\/","name":"Municipalidad de General Alvear","description":"","publisher":{"@id":"\/#organization"},"potentialAction":[{"@type":"SearchAction","target":{"@type":"EntryPoint","urlTemplate":"\/?s={search_term_string}"},"query-input":{"@type":"PropertyValueSpecification","valueRequired":true,"valueName":"search_term_string"}}],"inLanguage":"es"},{"@type":"Organization","@id":"\/#organization","name":"Municipalidad de General Alvear","url":"\/","logo":{"@type":"ImageObject","inLanguage":"es","@id":"\/#\/schema\/logo\/image\/","url":"\/wp-content\/uploads\/2023\/09\/cropped-logo-muni.png","contentUrl":"\/wp-content\/uploads\/2023\/09\/cropped-logo-muni.png","width":776,"height":725,"caption":"Municipalidad de General Alvear"},"image":{"@id":"\/#\/schema\/logo\/image\/"}}]}},"_links":{"self":[{"href":"\/index.php?rest_route=\/wp\/v2\/pages\/9692","targetHints":{"allow":["GET"]}}],"collection":[{"href":"\/index.php?rest_route=\/wp\/v2\/pages"}],"about":[{"href":"\/index.php?rest_route=\/wp\/v2\/types\/page"}],"author":[{"embeddable":true,"href":"\/index.php?rest_route=\/wp\/v2\/users\/1"}],"replies":[{"embeddable":true,"href":"\/index.php?rest_route=%2Fwp%2Fv2%2Fcomments&post=9692"}],"version-history":[{"count":14,"href":"\/index.php?rest_route=\/wp\/v2\/pages\/9692\/revisions"}],"predecessor-version":[{"id":9750,"href":"\/index.php?rest_route=\/wp\/v2\/pages\/9692\/revisions\/9750"}],"wp:attachment":[{"href":"\/index.php?rest_route=%2Fwp%2Fv2%2Fmedia&parent=9692"}],"curies":[{"name":"wp","href":"https:\/\/api.w.org\/{rel}","templated":true}]}}