{"id":9709,"date":"2025-01-08T14:09:58","date_gmt":"2025-01-08T13:09:58","guid":{"rendered":"https:\/\/munialvear.gov.ar\/?page_id=9709"},"modified":"2025-01-08T16:43:31","modified_gmt":"2025-01-08T15:43:31","slug":"tasa-de-inspeccion-seguridad-higiene","status":"publish","type":"page","link":"\/?page_id=9709","title":{"rendered":"Tasa de Inspeccion Seguridad Higiene"},"content":{"rendered":"\t\t<div data-elementor-type=\"wp-page\" data-elementor-id=\"9709\" class=\"elementor elementor-9709\">\n\t\t\t\t<div class=\"elementor-element elementor-element-384021c e-flex e-con-boxed e-con e-parent\" data-id=\"384021c\" data-element_type=\"container\">\n\t\t\t\t\t<div class=\"e-con-inner\">\n\t\t\t\t<div class=\"elementor-element elementor-element-dd5d712 elementor-widget elementor-widget-heading\" data-id=\"dd5d712\" data-element_type=\"widget\" data-widget_type=\"heading.default\">\n\t\t\t\t<div class=\"elementor-widget-container\">\n\t\t\t\t\t<h3 class=\"elementor-heading-title elementor-size-default\">Tasa por inspecci\u00f3n de seguridad,salubridad e higiene<\/h3>\t\t\t\t<\/div>\n\t\t\t\t<\/div>\n\t\t\t\t\t<\/div>\n\t\t\t\t<\/div>\n\t\t<div class=\"elementor-element elementor-element-a255cdd e-flex e-con-boxed e-con e-parent\" data-id=\"a255cdd\" data-element_type=\"container\">\n\t\t\t\t\t<div class=\"e-con-inner\">\n\t\t\t\t<div class=\"elementor-element elementor-element-b8364d1 elementor-widget elementor-widget-heading\" data-id=\"b8364d1\" data-element_type=\"widget\" data-widget_type=\"heading.default\">\n\t\t\t\t<div class=\"elementor-widget-container\">\n\t\t\t\t\t<h6 class=\"elementor-heading-title elementor-size-default\">OF. RECAUDACIONES<\/h6>\t\t\t\t<\/div>\n\t\t\t\t<\/div>\n\t\t\t\t\t<\/div>\n\t\t\t\t<\/div>\n\t\t<div class=\"elementor-element elementor-element-7746d72 e-flex e-con-boxed e-con e-parent\" data-id=\"7746d72\" data-element_type=\"container\">\n\t\t\t\t\t<div class=\"e-con-inner\">\n\t\t<div class=\"elementor-element elementor-element-ddf609e e-con-full e-flex e-con e-child\" data-id=\"ddf609e\" data-element_type=\"container\">\n\t\t\t\t<div class=\"elementor-element elementor-element-d26b00f elementor-widget elementor-widget-image\" data-id=\"d26b00f\" data-element_type=\"widget\" data-widget_type=\"image.default\">\n\t\t\t\t<div class=\"elementor-widget-container\">\n\t\t\t\t\t\t\t\t\t\t\t\t\t\t\t<img fetchpriority=\"high\" decoding=\"async\" width=\"750\" height=\"422\" src=\"\/wp-content\/uploads\/2025\/01\/14-1024x576.png\" class=\"attachment-large size-large wp-image-9740\" alt=\"\" srcset=\"\/wp-content\/uploads\/2025\/01\/14-1024x576.png 1024w, \/wp-content\/uploads\/2025\/01\/14-300x169.png 300w, \/wp-content\/uploads\/2025\/01\/14-768x432.png 768w, \/wp-content\/uploads\/2025\/01\/14-1536x864.png 1536w, \/wp-content\/uploads\/2025\/01\/14-2048x1152.png 2048w\" sizes=\"(max-width: 750px) 100vw, 750px\" \/>\t\t\t\t\t\t\t\t\t\t\t\t\t\t\t<\/div>\n\t\t\t\t<\/div>\n\t\t\t\t<\/div>\n\t\t<div class=\"elementor-element elementor-element-fcf965e e-con-full e-flex e-con e-child\" data-id=\"fcf965e\" data-element_type=\"container\">\n\t\t\t\t<div class=\"elementor-element elementor-element-41cf66d elementor-widget elementor-widget-text-editor\" data-id=\"41cf66d\" data-element_type=\"widget\" data-widget_type=\"text-editor.default\">\n\t\t\t\t<div class=\"elementor-widget-container\">\n\t\t\t\t\t\t\t\t\t<p style=\"text-align: left;\"><span style=\"color: #999999; font-size: 18px;\">\u00a0<\/span><\/p><p style=\"text-align: left;\"><span style=\"color: #999999; font-size: 18px;\">Por los Servicios de Inspecci\u00f3n destinados a preservar la seguridad, salubridad e higiene en locales, establecimiento u oficinas donde se desarrollen actividades sujetas al poder de polic\u00eda municipal como las comerciales, industriales, de locaci\u00f3n de bienes, de locaci\u00f3n de obras y servicios, de oficios, negocios, a t\u00edtulo oneroso, lucrativa o no, realizada en forma habitual, cualquiera sea la naturaleza del sujeto que la preste, incluidas las sociedades cooperativas se abonar\u00e1 por cada local la tasa que fija la Ordenanza Impositiva en el modo, forma, plazo y condiciones que se establezcan.<\/span><\/p>\t\t\t\t\t\t\t\t<\/div>\n\t\t\t\t<\/div>\n\t\t\t\t<\/div>\n\t\t\t\t\t<\/div>\n\t\t\t\t<\/div>\n\t\t\t\t<\/div>\n\t\t","protected":false},"excerpt":{"rendered":"<p>Tasa por inspecci\u00f3n de seguridad,salubridad e higiene OF. RECAUDACIONES \u00a0 Por los Servicios de Inspecci\u00f3n destinados a preservar la seguridad, salubridad e higiene en locales, establecimiento u oficinas donde se desarrollen actividades sujetas al poder de polic\u00eda municipal como las comerciales, industriales, de locaci\u00f3n de bienes, de locaci\u00f3n de obras [&hellip;]<\/p>\n","protected":false},"author":1,"featured_media":0,"parent":0,"menu_order":0,"comment_status":"closed","ping_status":"closed","template":"page-templates\/template-pagebuilder-full-width.php","meta":{"footnotes":""},"class_list":["post-9709","page","type-page","status-publish","hentry"],"yoast_head":"<!-- This site is optimized with the Yoast SEO plugin v25.7 - https:\/\/yoast.com\/wordpress\/plugins\/seo\/ -->\n<title>Tasa de Inspeccion Seguridad Higiene - Municipalidad de General Alvear<\/title>\n<meta name=\"robots\" content=\"index, follow, max-snippet:-1, max-image-preview:large, max-video-preview:-1\" \/>\n<link rel=\"canonical\" href=\"\/?page_id=9709\" \/>\n<meta property=\"og:locale\" content=\"es_ES\" \/>\n<meta property=\"og:type\" content=\"article\" \/>\n<meta property=\"og:title\" content=\"Tasa de Inspeccion Seguridad Higiene - Municipalidad de General Alvear\" \/>\n<meta property=\"og:description\" content=\"Tasa por inspecci\u00f3n de seguridad,salubridad e higiene OF. RECAUDACIONES \u00a0 Por los Servicios de Inspecci\u00f3n destinados a preservar la seguridad, salubridad e higiene en locales, establecimiento u oficinas donde se desarrollen actividades sujetas al poder de polic\u00eda municipal como las comerciales, industriales, de locaci\u00f3n de bienes, de locaci\u00f3n de obras [&hellip;]\" \/>\n<meta property=\"og:url\" content=\"\/?page_id=9709\" \/>\n<meta property=\"og:site_name\" content=\"Municipalidad de General Alvear\" \/>\n<meta property=\"article:modified_time\" content=\"2025-01-08T15:43:31+00:00\" \/>\n<meta property=\"og:image\" content=\"https:\/\/munialvear.gov.ar\/wp-content\/uploads\/2025\/01\/14-1024x576.png\" \/>\n<meta name=\"twitter:card\" content=\"summary_large_image\" \/>\n<meta name=\"twitter:label1\" content=\"Tiempo de lectura\" \/>\n\t<meta name=\"twitter:data1\" content=\"1 minuto\" \/>\n<script type=\"application\/ld+json\" class=\"yoast-schema-graph\">{\"@context\":\"https:\/\/schema.org\",\"@graph\":[{\"@type\":\"WebPage\",\"@id\":\"\/?page_id=9709\",\"url\":\"\/?page_id=9709\",\"name\":\"Tasa de Inspeccion Seguridad Higiene - Municipalidad de General Alvear\",\"isPartOf\":{\"@id\":\"\/#website\"},\"primaryImageOfPage\":{\"@id\":\"\/?page_id=9709#primaryimage\"},\"image\":{\"@id\":\"\/?page_id=9709#primaryimage\"},\"thumbnailUrl\":\"https:\/\/munialvear.gov.ar\/wp-content\/uploads\/2025\/01\/14-1024x576.png\",\"datePublished\":\"2025-01-08T13:09:58+00:00\",\"dateModified\":\"2025-01-08T15:43:31+00:00\",\"breadcrumb\":{\"@id\":\"\/?page_id=9709#breadcrumb\"},\"inLanguage\":\"es\",\"potentialAction\":[{\"@type\":\"ReadAction\",\"target\":[\"\/?page_id=9709\"]}]},{\"@type\":\"ImageObject\",\"inLanguage\":\"es\",\"@id\":\"\/?page_id=9709#primaryimage\",\"url\":\"https:\/\/munialvear.gov.ar\/wp-content\/uploads\/2025\/01\/14-1024x576.png\",\"contentUrl\":\"https:\/\/munialvear.gov.ar\/wp-content\/uploads\/2025\/01\/14-1024x576.png\"},{\"@type\":\"BreadcrumbList\",\"@id\":\"\/?page_id=9709#breadcrumb\",\"itemListElement\":[{\"@type\":\"ListItem\",\"position\":1,\"name\":\"Portada\",\"item\":\"\/\"},{\"@type\":\"ListItem\",\"position\":2,\"name\":\"Tasa de Inspeccion Seguridad Higiene\"}]},{\"@type\":\"WebSite\",\"@id\":\"\/#website\",\"url\":\"\/\",\"name\":\"Municipalidad de General Alvear\",\"description\":\"\",\"publisher\":{\"@id\":\"\/#organization\"},\"potentialAction\":[{\"@type\":\"SearchAction\",\"target\":{\"@type\":\"EntryPoint\",\"urlTemplate\":\"\/?s={search_term_string}\"},\"query-input\":{\"@type\":\"PropertyValueSpecification\",\"valueRequired\":true,\"valueName\":\"search_term_string\"}}],\"inLanguage\":\"es\"},{\"@type\":\"Organization\",\"@id\":\"\/#organization\",\"name\":\"Municipalidad de General Alvear\",\"url\":\"\/\",\"logo\":{\"@type\":\"ImageObject\",\"inLanguage\":\"es\",\"@id\":\"\/#\/schema\/logo\/image\/\",\"url\":\"\/wp-content\/uploads\/2023\/09\/cropped-logo-muni.png\",\"contentUrl\":\"\/wp-content\/uploads\/2023\/09\/cropped-logo-muni.png\",\"width\":776,\"height\":725,\"caption\":\"Municipalidad de General Alvear\"},\"image\":{\"@id\":\"\/#\/schema\/logo\/image\/\"}}]}<\/script>\n<!-- \/ Yoast SEO plugin. -->","yoast_head_json":{"title":"Tasa de Inspeccion Seguridad Higiene - Municipalidad de General Alvear","robots":{"index":"index","follow":"follow","max-snippet":"max-snippet:-1","max-image-preview":"max-image-preview:large","max-video-preview":"max-video-preview:-1"},"canonical":"\/?page_id=9709","og_locale":"es_ES","og_type":"article","og_title":"Tasa de Inspeccion Seguridad Higiene - Municipalidad de General Alvear","og_description":"Tasa por inspecci\u00f3n de seguridad,salubridad e higiene OF. RECAUDACIONES \u00a0 Por los Servicios de Inspecci\u00f3n destinados a preservar la seguridad, salubridad e higiene en locales, establecimiento u oficinas donde se desarrollen actividades sujetas al poder de polic\u00eda municipal como las comerciales, industriales, de locaci\u00f3n de bienes, de locaci\u00f3n de obras [&hellip;]","og_url":"\/?page_id=9709","og_site_name":"Municipalidad de General Alvear","article_modified_time":"2025-01-08T15:43:31+00:00","og_image":[{"url":"https:\/\/munialvear.gov.ar\/wp-content\/uploads\/2025\/01\/14-1024x576.png","type":"","width":"","height":""}],"twitter_card":"summary_large_image","twitter_misc":{"Tiempo de lectura":"1 minuto"},"schema":{"@context":"https:\/\/schema.org","@graph":[{"@type":"WebPage","@id":"\/?page_id=9709","url":"\/?page_id=9709","name":"Tasa de Inspeccion Seguridad Higiene - Municipalidad de General Alvear","isPartOf":{"@id":"\/#website"},"primaryImageOfPage":{"@id":"\/?page_id=9709#primaryimage"},"image":{"@id":"\/?page_id=9709#primaryimage"},"thumbnailUrl":"https:\/\/munialvear.gov.ar\/wp-content\/uploads\/2025\/01\/14-1024x576.png","datePublished":"2025-01-08T13:09:58+00:00","dateModified":"2025-01-08T15:43:31+00:00","breadcrumb":{"@id":"\/?page_id=9709#breadcrumb"},"inLanguage":"es","potentialAction":[{"@type":"ReadAction","target":["\/?page_id=9709"]}]},{"@type":"ImageObject","inLanguage":"es","@id":"\/?page_id=9709#primaryimage","url":"https:\/\/munialvear.gov.ar\/wp-content\/uploads\/2025\/01\/14-1024x576.png","contentUrl":"https:\/\/munialvear.gov.ar\/wp-content\/uploads\/2025\/01\/14-1024x576.png"},{"@type":"BreadcrumbList","@id":"\/?page_id=9709#breadcrumb","itemListElement":[{"@type":"ListItem","position":1,"name":"Portada","item":"\/"},{"@type":"ListItem","position":2,"name":"Tasa de Inspeccion Seguridad Higiene"}]},{"@type":"WebSite","@id":"\/#website","url":"\/","name":"Municipalidad de General Alvear","description":"","publisher":{"@id":"\/#organization"},"potentialAction":[{"@type":"SearchAction","target":{"@type":"EntryPoint","urlTemplate":"\/?s={search_term_string}"},"query-input":{"@type":"PropertyValueSpecification","valueRequired":true,"valueName":"search_term_string"}}],"inLanguage":"es"},{"@type":"Organization","@id":"\/#organization","name":"Municipalidad de General Alvear","url":"\/","logo":{"@type":"ImageObject","inLanguage":"es","@id":"\/#\/schema\/logo\/image\/","url":"\/wp-content\/uploads\/2023\/09\/cropped-logo-muni.png","contentUrl":"\/wp-content\/uploads\/2023\/09\/cropped-logo-muni.png","width":776,"height":725,"caption":"Municipalidad de General Alvear"},"image":{"@id":"\/#\/schema\/logo\/image\/"}}]}},"_links":{"self":[{"href":"\/index.php?rest_route=\/wp\/v2\/pages\/9709","targetHints":{"allow":["GET"]}}],"collection":[{"href":"\/index.php?rest_route=\/wp\/v2\/pages"}],"about":[{"href":"\/index.php?rest_route=\/wp\/v2\/types\/page"}],"author":[{"embeddable":true,"href":"\/index.php?rest_route=\/wp\/v2\/users\/1"}],"replies":[{"embeddable":true,"href":"\/index.php?rest_route=%2Fwp%2Fv2%2Fcomments&post=9709"}],"version-history":[{"count":7,"href":"\/index.php?rest_route=\/wp\/v2\/pages\/9709\/revisions"}],"predecessor-version":[{"id":9743,"href":"\/index.php?rest_route=\/wp\/v2\/pages\/9709\/revisions\/9743"}],"wp:attachment":[{"href":"\/index.php?rest_route=%2Fwp%2Fv2%2Fmedia&parent=9709"}],"curies":[{"name":"wp","href":"https:\/\/api.w.org\/{rel}","templated":true}]}}