{"id":9718,"date":"2025-01-08T14:21:53","date_gmt":"2025-01-08T13:21:53","guid":{"rendered":"https:\/\/munialvear.gov.ar\/?page_id=9718"},"modified":"2025-01-08T16:46:19","modified_gmt":"2025-01-08T15:46:19","slug":"patente-de-rodados-descentralizados","status":"publish","type":"page","link":"\/?page_id=9718","title":{"rendered":"Patente de rodados descentralizados"},"content":{"rendered":"\t\t<div data-elementor-type=\"wp-page\" data-elementor-id=\"9718\" class=\"elementor elementor-9718\">\n\t\t\t\t<div class=\"elementor-element elementor-element-111a54f e-flex e-con-boxed e-con e-parent\" data-id=\"111a54f\" data-element_type=\"container\">\n\t\t\t\t\t<div class=\"e-con-inner\">\n\t\t\t\t<div class=\"elementor-element elementor-element-43e5591 elementor-widget elementor-widget-heading\" data-id=\"43e5591\" data-element_type=\"widget\" data-widget_type=\"heading.default\">\n\t\t\t\t<div class=\"elementor-widget-container\">\n\t\t\t\t\t<h3 class=\"elementor-heading-title elementor-size-default\">Patente de rodados descentralizados<\/h3>\t\t\t\t<\/div>\n\t\t\t\t<\/div>\n\t\t\t\t\t<\/div>\n\t\t\t\t<\/div>\n\t\t<div class=\"elementor-element elementor-element-6cbd7cb e-flex e-con-boxed e-con e-parent\" data-id=\"6cbd7cb\" data-element_type=\"container\">\n\t\t\t\t\t<div class=\"e-con-inner\">\n\t\t\t\t<div class=\"elementor-element elementor-element-3d27824 elementor-widget elementor-widget-heading\" data-id=\"3d27824\" data-element_type=\"widget\" data-widget_type=\"heading.default\">\n\t\t\t\t<div class=\"elementor-widget-container\">\n\t\t\t\t\t<h6 class=\"elementor-heading-title elementor-size-default\">OF. DESCENTRALIZACION TRIBURARIA<\/h6>\t\t\t\t<\/div>\n\t\t\t\t<\/div>\n\t\t\t\t\t<\/div>\n\t\t\t\t<\/div>\n\t\t<div class=\"elementor-element elementor-element-35b2fbd e-flex e-con-boxed e-con e-parent\" data-id=\"35b2fbd\" data-element_type=\"container\">\n\t\t\t\t\t<div class=\"e-con-inner\">\n\t\t<div class=\"elementor-element elementor-element-d393d20 e-con-full e-flex e-con e-child\" data-id=\"d393d20\" data-element_type=\"container\">\n\t\t\t\t<div class=\"elementor-element elementor-element-873f0ac elementor-widget elementor-widget-image\" data-id=\"873f0ac\" data-element_type=\"widget\" data-widget_type=\"image.default\">\n\t\t\t\t<div class=\"elementor-widget-container\">\n\t\t\t\t\t\t\t\t\t\t\t\t\t\t\t<img fetchpriority=\"high\" decoding=\"async\" width=\"750\" height=\"422\" src=\"\/wp-content\/uploads\/2025\/01\/13-1024x576.png\" class=\"attachment-large size-large wp-image-9754\" alt=\"\" srcset=\"\/wp-content\/uploads\/2025\/01\/13-1024x576.png 1024w, \/wp-content\/uploads\/2025\/01\/13-300x169.png 300w, \/wp-content\/uploads\/2025\/01\/13-768x432.png 768w, \/wp-content\/uploads\/2025\/01\/13-1536x864.png 1536w, \/wp-content\/uploads\/2025\/01\/13-2048x1152.png 2048w\" sizes=\"(max-width: 750px) 100vw, 750px\" \/>\t\t\t\t\t\t\t\t\t\t\t\t\t\t\t<\/div>\n\t\t\t\t<\/div>\n\t\t\t\t<\/div>\n\t\t<div class=\"elementor-element elementor-element-b5ce4bc e-con-full e-flex e-con e-child\" data-id=\"b5ce4bc\" data-element_type=\"container\">\n\t\t\t\t<div class=\"elementor-element elementor-element-5aa4fda elementor-widget elementor-widget-text-editor\" data-id=\"5aa4fda\" data-element_type=\"widget\" data-widget_type=\"text-editor.default\">\n\t\t\t\t<div class=\"elementor-widget-container\">\n\t\t\t\t\t\t\t\t\t<p style=\"font-size: 18px;\">Quedan afectados, los veh\u00edculos radicados en el Partido que utilicen la v\u00eda p\u00fablica, incluidos los automotores que por disposici\u00f3n de la Ley Provincial 13.010, CAP\u00cdTULOIII, Art\u00edculo 11, sean transferidos y\/o asignados seg\u00fan su radicaci\u00f3n para la efectivizaci\u00f3n de su cobro por intermedio del Municipio.<br \/>A tal efecto se establecen las siguientes categor\u00edas:<br \/>1)\u00a0\u00a0<span style=\"font-weight: bold; color: #999999;\">Veh\u00edculos Automotores<\/span>:\u00a0\u00a0Autos,\u00a0Camionetas,\u00a0Camiones y Acoplados.<\/p><p style=\"font-size: 18px;\"><span style=\"font-size: inherit; color: #3c4858;\">2)\u00a0<\/span><span style=\"color: #999999; font-weight: bold; text-align: var(--text-align);\">Motovehiculos<\/span><b style=\"font-size: inherit; text-align: var(--text-align);\">:<\/b><span style=\"font-size: inherit; text-align: var(--text-align);\">\u00a0Ciclomotores. (Hasta 50 cc),<\/span><span style=\"font-size: inherit; text-align: var(--text-align);\">\u00a0Motocicletas<\/span><\/p>\t\t\t\t\t\t\t\t<\/div>\n\t\t\t\t<\/div>\n\t\t\t\t<\/div>\n\t\t\t\t\t<\/div>\n\t\t\t\t<\/div>\n\t\t<div class=\"elementor-element elementor-element-9eb6c01 e-flex e-con-boxed e-con e-parent\" data-id=\"9eb6c01\" data-element_type=\"container\">\n\t\t\t\t\t<div class=\"e-con-inner\">\n\t\t\t\t<div class=\"elementor-element elementor-element-45333f6 elementor-widget elementor-widget-heading\" data-id=\"45333f6\" data-element_type=\"widget\" data-widget_type=\"heading.default\">\n\t\t\t\t<div class=\"elementor-widget-container\">\n\t\t\t\t\t<h6 class=\"elementor-heading-title elementor-size-default\">Ante cualquier inquietud no dudes en ponerte en contacto con nosotros<\/h6>\t\t\t\t<\/div>\n\t\t\t\t<\/div>\n\t\t\t\t\t<\/div>\n\t\t\t\t<\/div>\n\t\t<div class=\"elementor-element elementor-element-b892a46 e-flex e-con-boxed e-con e-parent\" data-id=\"b892a46\" data-element_type=\"container\">\n\t\t\t\t\t<div class=\"e-con-inner\">\n\t\t\t\t<div class=\"elementor-element elementor-element-8500b3b elementor-icon-list--layout-inline elementor-align-center elementor-list-item-link-full_width elementor-invisible elementor-widget elementor-widget-icon-list\" data-id=\"8500b3b\" data-element_type=\"widget\" data-settings=\"{&quot;_animation&quot;:&quot;fadeInRight&quot;}\" data-widget_type=\"icon-list.default\">\n\t\t\t\t<div class=\"elementor-widget-container\">\n\t\t\t\t\t\t\t<ul class=\"elementor-icon-list-items elementor-inline-items\">\n\t\t\t\t\t\t\t<li class=\"elementor-icon-list-item elementor-inline-item\">\n\t\t\t\t\t\t\t\t\t\t\t<a href=\"mailto:recaudaciones@munialvear.gov.ar\">\n\n\t\t\t\t\t\t\t\t\t\t\t\t<span class=\"elementor-icon-list-icon\">\n\t\t\t\t\t\t\t<i aria-hidden=\"true\" class=\"fas fa-envelope-open-text\"><\/i>\t\t\t\t\t\t<\/span>\n\t\t\t\t\t\t\t\t\t\t<span class=\"elementor-icon-list-text\"><\/span>\n\t\t\t\t\t\t\t\t\t\t\t<\/a>\n\t\t\t\t\t\t\t\t\t<\/li>\n\t\t\t\t\t\t\t\t<li class=\"elementor-icon-list-item elementor-inline-item\">\n\t\t\t\t\t\t\t\t\t\t\t<a href=\"https:\/\/wa.me\/+542345501914\">\n\n\t\t\t\t\t\t\t\t\t\t\t\t<span class=\"elementor-icon-list-icon\">\n\t\t\t\t\t\t\t<i aria-hidden=\"true\" class=\"fab fa-whatsapp\"><\/i>\t\t\t\t\t\t<\/span>\n\t\t\t\t\t\t\t\t\t\t<span class=\"elementor-icon-list-text\"><\/span>\n\t\t\t\t\t\t\t\t\t\t\t<\/a>\n\t\t\t\t\t\t\t\t\t<\/li>\n\t\t\t\t\t\t\t\t<li class=\"elementor-icon-list-item elementor-inline-item\">\n\t\t\t\t\t\t\t\t\t\t\t<a href=\"tel:2344481612\">\n\n\t\t\t\t\t\t\t\t\t\t\t\t<span class=\"elementor-icon-list-icon\">\n\t\t\t\t\t\t\t<i aria-hidden=\"true\" class=\"fas fa-phone-alt\"><\/i>\t\t\t\t\t\t<\/span>\n\t\t\t\t\t\t\t\t\t\t<span class=\"elementor-icon-list-text\"><\/span>\n\t\t\t\t\t\t\t\t\t\t\t<\/a>\n\t\t\t\t\t\t\t\t\t<\/li>\n\t\t\t\t\t\t\t\t<li class=\"elementor-icon-list-item elementor-inline-item\">\n\t\t\t\t\t\t\t\t\t\t\t<a href=\"https:\/\/maps.app.goo.gl\/9gAZUhkWpTsLpjU9A\">\n\n\t\t\t\t\t\t\t\t\t\t\t\t<span class=\"elementor-icon-list-icon\">\n\t\t\t\t\t\t\t<i aria-hidden=\"true\" class=\"fas fa-map-marked-alt\"><\/i>\t\t\t\t\t\t<\/span>\n\t\t\t\t\t\t\t\t\t\t<span class=\"elementor-icon-list-text\"><\/span>\n\t\t\t\t\t\t\t\t\t\t\t<\/a>\n\t\t\t\t\t\t\t\t\t<\/li>\n\t\t\t\t\t\t<\/ul>\n\t\t\t\t\t\t<\/div>\n\t\t\t\t<\/div>\n\t\t\t\t\t<\/div>\n\t\t\t\t<\/div>\n\t\t\t\t<\/div>\n\t\t","protected":false},"excerpt":{"rendered":"<p>Patente de rodados descentralizados OF. DESCENTRALIZACION TRIBURARIA Quedan afectados, los veh\u00edculos radicados en el Partido que utilicen la v\u00eda p\u00fablica, incluidos los automotores que por disposici\u00f3n de la Ley Provincial 13.010, CAP\u00cdTULOIII, Art\u00edculo 11, sean transferidos y\/o asignados seg\u00fan su radicaci\u00f3n para la efectivizaci\u00f3n de su cobro por intermedio del [&hellip;]<\/p>\n","protected":false},"author":1,"featured_media":0,"parent":0,"menu_order":0,"comment_status":"closed","ping_status":"closed","template":"page-templates\/template-pagebuilder-full-width.php","meta":{"footnotes":""},"class_list":["post-9718","page","type-page","status-publish","hentry"],"yoast_head":"<!-- This site is optimized with the Yoast SEO plugin v25.7 - https:\/\/yoast.com\/wordpress\/plugins\/seo\/ -->\n<title>Patente de rodados descentralizados - Municipalidad de General Alvear<\/title>\n<meta name=\"robots\" content=\"index, follow, max-snippet:-1, max-image-preview:large, max-video-preview:-1\" \/>\n<link rel=\"canonical\" href=\"\/?page_id=9718\" \/>\n<meta property=\"og:locale\" content=\"es_ES\" \/>\n<meta property=\"og:type\" content=\"article\" \/>\n<meta property=\"og:title\" content=\"Patente de rodados descentralizados - Municipalidad de General Alvear\" \/>\n<meta property=\"og:description\" content=\"Patente de rodados descentralizados OF. DESCENTRALIZACION TRIBURARIA Quedan afectados, los veh\u00edculos radicados en el Partido que utilicen la v\u00eda p\u00fablica, incluidos los automotores que por disposici\u00f3n de la Ley Provincial 13.010, CAP\u00cdTULOIII, Art\u00edculo 11, sean transferidos y\/o asignados seg\u00fan su radicaci\u00f3n para la efectivizaci\u00f3n de su cobro por intermedio del [&hellip;]\" \/>\n<meta property=\"og:url\" content=\"\/?page_id=9718\" \/>\n<meta property=\"og:site_name\" content=\"Municipalidad de General Alvear\" \/>\n<meta property=\"article:modified_time\" content=\"2025-01-08T15:46:19+00:00\" \/>\n<meta property=\"og:image\" content=\"https:\/\/munialvear.gov.ar\/wp-content\/uploads\/2025\/01\/13-1024x576.png\" \/>\n<meta name=\"twitter:card\" content=\"summary_large_image\" \/>\n<meta name=\"twitter:label1\" content=\"Tiempo de lectura\" \/>\n\t<meta name=\"twitter:data1\" content=\"1 minuto\" \/>\n<script type=\"application\/ld+json\" class=\"yoast-schema-graph\">{\"@context\":\"https:\/\/schema.org\",\"@graph\":[{\"@type\":\"WebPage\",\"@id\":\"\/?page_id=9718\",\"url\":\"\/?page_id=9718\",\"name\":\"Patente de rodados descentralizados - Municipalidad de General Alvear\",\"isPartOf\":{\"@id\":\"\/#website\"},\"primaryImageOfPage\":{\"@id\":\"\/?page_id=9718#primaryimage\"},\"image\":{\"@id\":\"\/?page_id=9718#primaryimage\"},\"thumbnailUrl\":\"https:\/\/munialvear.gov.ar\/wp-content\/uploads\/2025\/01\/13-1024x576.png\",\"datePublished\":\"2025-01-08T13:21:53+00:00\",\"dateModified\":\"2025-01-08T15:46:19+00:00\",\"breadcrumb\":{\"@id\":\"\/?page_id=9718#breadcrumb\"},\"inLanguage\":\"es\",\"potentialAction\":[{\"@type\":\"ReadAction\",\"target\":[\"\/?page_id=9718\"]}]},{\"@type\":\"ImageObject\",\"inLanguage\":\"es\",\"@id\":\"\/?page_id=9718#primaryimage\",\"url\":\"https:\/\/munialvear.gov.ar\/wp-content\/uploads\/2025\/01\/13-1024x576.png\",\"contentUrl\":\"https:\/\/munialvear.gov.ar\/wp-content\/uploads\/2025\/01\/13-1024x576.png\"},{\"@type\":\"BreadcrumbList\",\"@id\":\"\/?page_id=9718#breadcrumb\",\"itemListElement\":[{\"@type\":\"ListItem\",\"position\":1,\"name\":\"Portada\",\"item\":\"\/\"},{\"@type\":\"ListItem\",\"position\":2,\"name\":\"Patente de rodados descentralizados\"}]},{\"@type\":\"WebSite\",\"@id\":\"\/#website\",\"url\":\"\/\",\"name\":\"Municipalidad de General Alvear\",\"description\":\"\",\"publisher\":{\"@id\":\"\/#organization\"},\"potentialAction\":[{\"@type\":\"SearchAction\",\"target\":{\"@type\":\"EntryPoint\",\"urlTemplate\":\"\/?s={search_term_string}\"},\"query-input\":{\"@type\":\"PropertyValueSpecification\",\"valueRequired\":true,\"valueName\":\"search_term_string\"}}],\"inLanguage\":\"es\"},{\"@type\":\"Organization\",\"@id\":\"\/#organization\",\"name\":\"Municipalidad de General Alvear\",\"url\":\"\/\",\"logo\":{\"@type\":\"ImageObject\",\"inLanguage\":\"es\",\"@id\":\"\/#\/schema\/logo\/image\/\",\"url\":\"\/wp-content\/uploads\/2023\/09\/cropped-logo-muni.png\",\"contentUrl\":\"\/wp-content\/uploads\/2023\/09\/cropped-logo-muni.png\",\"width\":776,\"height\":725,\"caption\":\"Municipalidad de General Alvear\"},\"image\":{\"@id\":\"\/#\/schema\/logo\/image\/\"}}]}<\/script>\n<!-- \/ Yoast SEO plugin. -->","yoast_head_json":{"title":"Patente de rodados descentralizados - Municipalidad de General Alvear","robots":{"index":"index","follow":"follow","max-snippet":"max-snippet:-1","max-image-preview":"max-image-preview:large","max-video-preview":"max-video-preview:-1"},"canonical":"\/?page_id=9718","og_locale":"es_ES","og_type":"article","og_title":"Patente de rodados descentralizados - Municipalidad de General Alvear","og_description":"Patente de rodados descentralizados OF. DESCENTRALIZACION TRIBURARIA Quedan afectados, los veh\u00edculos radicados en el Partido que utilicen la v\u00eda p\u00fablica, incluidos los automotores que por disposici\u00f3n de la Ley Provincial 13.010, CAP\u00cdTULOIII, Art\u00edculo 11, sean transferidos y\/o asignados seg\u00fan su radicaci\u00f3n para la efectivizaci\u00f3n de su cobro por intermedio del [&hellip;]","og_url":"\/?page_id=9718","og_site_name":"Municipalidad de General Alvear","article_modified_time":"2025-01-08T15:46:19+00:00","og_image":[{"url":"https:\/\/munialvear.gov.ar\/wp-content\/uploads\/2025\/01\/13-1024x576.png","type":"","width":"","height":""}],"twitter_card":"summary_large_image","twitter_misc":{"Tiempo de lectura":"1 minuto"},"schema":{"@context":"https:\/\/schema.org","@graph":[{"@type":"WebPage","@id":"\/?page_id=9718","url":"\/?page_id=9718","name":"Patente de rodados descentralizados - Municipalidad de General Alvear","isPartOf":{"@id":"\/#website"},"primaryImageOfPage":{"@id":"\/?page_id=9718#primaryimage"},"image":{"@id":"\/?page_id=9718#primaryimage"},"thumbnailUrl":"https:\/\/munialvear.gov.ar\/wp-content\/uploads\/2025\/01\/13-1024x576.png","datePublished":"2025-01-08T13:21:53+00:00","dateModified":"2025-01-08T15:46:19+00:00","breadcrumb":{"@id":"\/?page_id=9718#breadcrumb"},"inLanguage":"es","potentialAction":[{"@type":"ReadAction","target":["\/?page_id=9718"]}]},{"@type":"ImageObject","inLanguage":"es","@id":"\/?page_id=9718#primaryimage","url":"https:\/\/munialvear.gov.ar\/wp-content\/uploads\/2025\/01\/13-1024x576.png","contentUrl":"https:\/\/munialvear.gov.ar\/wp-content\/uploads\/2025\/01\/13-1024x576.png"},{"@type":"BreadcrumbList","@id":"\/?page_id=9718#breadcrumb","itemListElement":[{"@type":"ListItem","position":1,"name":"Portada","item":"\/"},{"@type":"ListItem","position":2,"name":"Patente de rodados descentralizados"}]},{"@type":"WebSite","@id":"\/#website","url":"\/","name":"Municipalidad de General Alvear","description":"","publisher":{"@id":"\/#organization"},"potentialAction":[{"@type":"SearchAction","target":{"@type":"EntryPoint","urlTemplate":"\/?s={search_term_string}"},"query-input":{"@type":"PropertyValueSpecification","valueRequired":true,"valueName":"search_term_string"}}],"inLanguage":"es"},{"@type":"Organization","@id":"\/#organization","name":"Municipalidad de General Alvear","url":"\/","logo":{"@type":"ImageObject","inLanguage":"es","@id":"\/#\/schema\/logo\/image\/","url":"\/wp-content\/uploads\/2023\/09\/cropped-logo-muni.png","contentUrl":"\/wp-content\/uploads\/2023\/09\/cropped-logo-muni.png","width":776,"height":725,"caption":"Municipalidad de General Alvear"},"image":{"@id":"\/#\/schema\/logo\/image\/"}}]}},"_links":{"self":[{"href":"\/index.php?rest_route=\/wp\/v2\/pages\/9718","targetHints":{"allow":["GET"]}}],"collection":[{"href":"\/index.php?rest_route=\/wp\/v2\/pages"}],"about":[{"href":"\/index.php?rest_route=\/wp\/v2\/types\/page"}],"author":[{"embeddable":true,"href":"\/index.php?rest_route=\/wp\/v2\/users\/1"}],"replies":[{"embeddable":true,"href":"\/index.php?rest_route=%2Fwp%2Fv2%2Fcomments&post=9718"}],"version-history":[{"count":7,"href":"\/index.php?rest_route=\/wp\/v2\/pages\/9718\/revisions"}],"predecessor-version":[{"id":9757,"href":"\/index.php?rest_route=\/wp\/v2\/pages\/9718\/revisions\/9757"}],"wp:attachment":[{"href":"\/index.php?rest_route=%2Fwp%2Fv2%2Fmedia&parent=9718"}],"curies":[{"name":"wp","href":"https:\/\/api.w.org\/{rel}","templated":true}]}}